{"id":2774,"date":"2026-03-13T13:39:00","date_gmt":"2026-03-13T11:39:00","guid":{"rendered":"https:\/\/www.spcast.eu\/self-hosting\/"},"modified":"2026-03-13T14:05:27","modified_gmt":"2026-03-13T12:05:27","slug":"self-hosting","status":"publish","type":"page","link":"https:\/\/www.spcast.eu\/en\/self-hosting\/","title":{"rendered":"Self-hosting"},"content":{"rendered":"\n<h1>\n\t\t\tSelf-Hosting mit SPCast L\u00f6sungen\t<\/h1>\n\t<p>Wir arbeiten intensiv an der n\u00e4chsten Generation unserer Software-Produkte f\u00fcr Ihre eigene Infrastruktur. Entdecken Sie bereits jetzt, was kommen wird.<\/p>\n\t<a href=\"https:\/\/www.spcast.eu\/selfhosting\/server\/\" target=\"_self\"  aria-label=\"Go to https:\/\/www.spcast.eu\/selfhosting\/server\/\"><\/a>\n\t\t<h4>Plattform im Aufbau<\/h4>\t\t\t\n\t\t\t\t<p>Die Self-Hosting-Plattform befindet sich derzeit im Aufbau. Es kann noch einige Zeit in Anspruch nehmen, bis alle Funktionen und Informationen vollst\u00e4ndig ver\u00f6ffentlicht sind.<\/p>\n<p>SPCast revolutioniert und positioniert sich dabei als Hostingl\u00f6sung f\u00fcr Endverbraucher sowie f\u00fcr Hostinganbieter und reiht sich damit neben etablierten Produkten wie Centova Cast, MediaCP und SonicPanel ein.<\/p>\n<p>Vermeiden Sie Anfragen zum Entwicklungsstand und halten sich aktiv selbstst\u00e4ndig auf den laufenden.<\/p>\n\t<a href=\"https:\/\/www.spcast.eu\/selfhosting\/server\/\" target=\"_self\"  aria-label=\"Go to https:\/\/www.spcast.eu\/selfhosting\/server\/\"><\/a>\n\t\t<h4>SPCast Server<\/h4>\t\t\t\n\t\t\t\t<p>Von Grund auf in der Systemsprache Rust entwickelt. Das garantiert absolute Speichersicherheit, schlie\u00dft Memory Leaks aus und bietet hervorragende Performance.<\/p>\n\n","protected":false},"excerpt":{"rendered":"<p>Self-Hosting mit SPCast L\u00f6sungen Wir arbeiten intensiv an der n\u00e4chsten Generation unserer Software-Produkte f\u00fcr Ihre eigene Infrastruktur. Entdecken Sie bereits jetzt, was kommen wird. Plattform im Aufbau Die Self-Hosting-Plattform befindet sich derzeit im Aufbau. Es kann noch einige Zeit in Anspruch nehmen, bis alle Funktionen und Informationen vollst\u00e4ndig ver\u00f6ffentlicht sind. SPCast revolutioniert und positioniert sich&hellip;<\/p>\n","protected":false},"author":1,"featured_media":0,"parent":0,"menu_order":0,"comment_status":"closed","ping_status":"closed","template":"","meta":{"footnotes":""},"class_list":["post-2774","page","type-page","status-publish","hentry"],"_links":{"self":[{"href":"https:\/\/www.spcast.eu\/en\/wp-json\/wp\/v2\/pages\/2774","targetHints":{"allow":["GET"]}}],"collection":[{"href":"https:\/\/www.spcast.eu\/en\/wp-json\/wp\/v2\/pages"}],"about":[{"href":"https:\/\/www.spcast.eu\/en\/wp-json\/wp\/v2\/types\/page"}],"author":[{"embeddable":true,"href":"https:\/\/www.spcast.eu\/en\/wp-json\/wp\/v2\/users\/1"}],"replies":[{"embeddable":true,"href":"https:\/\/www.spcast.eu\/en\/wp-json\/wp\/v2\/comments?post=2774"}],"version-history":[{"count":1,"href":"https:\/\/www.spcast.eu\/en\/wp-json\/wp\/v2\/pages\/2774\/revisions"}],"predecessor-version":[{"id":2777,"href":"https:\/\/www.spcast.eu\/en\/wp-json\/wp\/v2\/pages\/2774\/revisions\/2777"}],"wp:attachment":[{"href":"https:\/\/www.spcast.eu\/en\/wp-json\/wp\/v2\/media?parent=2774"}],"curies":[{"name":"wp","href":"https:\/\/api.w.org\/{rel}","templated":true}]}}